{"id":10229,"date":"2020-12-27T17:45:47","date_gmt":"2020-12-27T16:45:47","guid":{"rendered":"https:\/\/demo.shop-consystec.de\/?post_type=product&#038;p=10229"},"modified":"2026-01-06T05:32:33","modified_gmt":"2026-01-06T04:32:33","slug":"mytube-grundmodell-ii-anlage-zum-aufschrauben","status":"publish","type":"product","link":"https:\/\/shop-consystec.de\/en\/produkt\/mytube-grundmodell-ii-anlage-zum-aufschrauben\/","title":{"rendered":"MyTube-Grundmodell II: Anlage zum Aufschrauben"},"content":{"rendered":"<p><strong>\/<\/strong> je 2 Rundrohre in der gew\u00fcnschten L\u00e4nge<br \/>\n<strong>\/<\/strong> 2 flache Anschlu\u00dfkappen<br \/>\n<strong>\/<\/strong> 2 Tellerf\u00fc\u00dfe \u00d8 200 mm (5 mm stark) mit 4 Lochbohrungen<br \/>\n<strong>\/<\/strong>\u00a0die Rohre sind 500 mm l\u00e4nger als die angegebene H\u00f6he zum Einbetonieren<\/p>\n","protected":false},"excerpt":{"rendered":"<p>\/ je 2 Rundrohre in der gew\u00fcnschten L\u00e4nge \/ 2 flache Anschlu\u00dfkappen \/ 2 Tellerf\u00fc\u00dfe \u00d8 200 mm (5 mm stark) mit 4 Lochbohrungen \/\u00a0die Rohre sind 500 mm l\u00e4nger als die angegebene H\u00f6he zum Einbetonieren<\/p>\n","protected":false},"featured_media":12105,"template":"","meta":[],"product_cat":[227],"product_tag":[],"class_list":{"0":"post-10229","1":"product","2":"type-product","3":"status-publish","4":"has-post-thumbnail","6":"product_cat-mytube-edelstahl-rundrohrsystem","7":"pa_hoehe-418","8":"pa_hoehe-419","9":"pa_hoehe-420","10":"pa_hoehe-421","11":"pa_material-edelstahl","12":"pa_menge-219","13":"pa_menge-2-stueck","15":"first","16":"instock","17":"taxable","18":"shipping-taxable","19":"purchasable","20":"product-type-variable"},"tiered_pricing_type":"fixed","tiered_pricing_fixed_rules":[],"tiered_pricing_percentage_rules":[],"tiered_pricing_minimum":1,"tiered_pricing_roles_data":[],"_links":{"self":[{"href":"https:\/\/shop-consystec.de\/en\/wp-json\/wp\/v2\/product\/10229","targetHints":{"allow":["GET"]}}],"collection":[{"href":"https:\/\/shop-consystec.de\/en\/wp-json\/wp\/v2\/product"}],"about":[{"href":"https:\/\/shop-consystec.de\/en\/wp-json\/wp\/v2\/types\/product"}],"version-history":[{"count":2,"href":"https:\/\/shop-consystec.de\/en\/wp-json\/wp\/v2\/product\/10229\/revisions"}],"predecessor-version":[{"id":10239,"href":"https:\/\/shop-consystec.de\/en\/wp-json\/wp\/v2\/product\/10229\/revisions\/10239"}],"wp:featuredmedia":[{"embeddable":true,"href":"https:\/\/shop-consystec.de\/en\/wp-json\/wp\/v2\/media\/12105"}],"wp:attachment":[{"href":"https:\/\/shop-consystec.de\/en\/wp-json\/wp\/v2\/media?parent=10229"}],"wp:term":[{"taxonomy":"product_cat","embeddable":true,"href":"https:\/\/shop-consystec.de\/en\/wp-json\/wp\/v2\/product_cat?post=10229"},{"taxonomy":"product_tag","embeddable":true,"href":"https:\/\/shop-consystec.de\/en\/wp-json\/wp\/v2\/product_tag?post=10229"}],"curies":[{"name":"wp","href":"https:\/\/api.w.org\/{rel}","templated":true}]}}