{"id":10240,"date":"2020-12-27T18:27:58","date_gmt":"2020-12-27T17:27:58","guid":{"rendered":"https:\/\/demo.shop-consystec.de\/?post_type=product&#038;p=10240"},"modified":"2026-01-06T05:37:08","modified_gmt":"2026-01-06T04:37:08","slug":"mytube-grundmodell-iii-anlage-zum-aufstellen","status":"publish","type":"product","link":"https:\/\/shop-consystec.de\/en\/produkt\/mytube-grundmodell-iii-anlage-zum-aufstellen\/","title":{"rendered":"MyTube-Grundmodell III: Anlage zum Aufstellen"},"content":{"rendered":"<p><strong>\/<\/strong> je 2 Rundrohre in der gew\u00fcnschten L\u00e4nge<br \/>\n<strong>\/<\/strong> 2 flache Anschlu\u00dfkappen<br \/>\n<strong>\/ <\/strong>2Tellerf\u00fc\u00dfe \u00d8 200 mm (10 mm stark)<br \/>\n<strong>\/<\/strong>\u00a0die Rohre sind 500 mm l\u00e4nger als die angegebene H\u00f6he zum Einbetonieren<\/p>\n","protected":false},"excerpt":{"rendered":"<p>\/ je 2 Rundrohre in der gew\u00fcnschten L\u00e4nge \/ 2 flache Anschlu\u00dfkappen \/ 2Tellerf\u00fc\u00dfe \u00d8 200 mm (10 mm stark) \/\u00a0die Rohre sind 500 mm l\u00e4nger als die angegebene H\u00f6he zum Einbetonieren<\/p>\n","protected":false},"featured_media":12106,"template":"","meta":[],"product_cat":[227],"product_tag":[],"class_list":{"0":"post-10240","1":"product","2":"type-product","3":"status-publish","4":"has-post-thumbnail","6":"product_cat-mytube-edelstahl-rundrohrsystem","7":"pa_hoehe-319","8":"pa_hoehe-418","9":"pa_hoehe-419","10":"pa_hoehe-420","11":"pa_material-edelstahl","12":"pa_menge-219","13":"pa_menge-2-stueck","15":"first","16":"instock","17":"sale","18":"taxable","19":"shipping-taxable","20":"purchasable","21":"product-type-variable"},"tiered_pricing_type":"fixed","tiered_pricing_fixed_rules":[],"tiered_pricing_percentage_rules":[],"tiered_pricing_minimum":1,"tiered_pricing_roles_data":[],"_links":{"self":[{"href":"https:\/\/shop-consystec.de\/en\/wp-json\/wp\/v2\/product\/10240","targetHints":{"allow":["GET"]}}],"collection":[{"href":"https:\/\/shop-consystec.de\/en\/wp-json\/wp\/v2\/product"}],"about":[{"href":"https:\/\/shop-consystec.de\/en\/wp-json\/wp\/v2\/types\/product"}],"version-history":[{"count":2,"href":"https:\/\/shop-consystec.de\/en\/wp-json\/wp\/v2\/product\/10240\/revisions"}],"predecessor-version":[{"id":11754,"href":"https:\/\/shop-consystec.de\/en\/wp-json\/wp\/v2\/product\/10240\/revisions\/11754"}],"wp:featuredmedia":[{"embeddable":true,"href":"https:\/\/shop-consystec.de\/en\/wp-json\/wp\/v2\/media\/12106"}],"wp:attachment":[{"href":"https:\/\/shop-consystec.de\/en\/wp-json\/wp\/v2\/media?parent=10240"}],"wp:term":[{"taxonomy":"product_cat","embeddable":true,"href":"https:\/\/shop-consystec.de\/en\/wp-json\/wp\/v2\/product_cat?post=10240"},{"taxonomy":"product_tag","embeddable":true,"href":"https:\/\/shop-consystec.de\/en\/wp-json\/wp\/v2\/product_tag?post=10240"}],"curies":[{"name":"wp","href":"https:\/\/api.w.org\/{rel}","templated":true}]}}