{"id":10468,"date":"2020-12-28T14:37:42","date_gmt":"2020-12-28T13:37:42","guid":{"rendered":"https:\/\/demo.shop-consystec.de\/?post_type=product&#038;p=10468"},"modified":"2022-03-31T20:09:57","modified_gmt":"2022-03-31T19:09:57","slug":"mytube-outdoor-banner-system","status":"publish","type":"product","link":"https:\/\/shop-consystec.de\/en\/produkt\/mytube-outdoor-banner-system\/","title":{"rendered":"MyTube-Outdoor Banner System"},"content":{"rendered":"<p><strong>\/<\/strong> Edelstahl<br \/>\n<strong>\/<\/strong> Montagescheibe 200 x 5 mm<br \/>\n<strong>\/ <\/strong>Mit \u00d8 43 mm Edelstahlauslegern und \u00d8 27 mm Spannrohren werden L\u00e4ngen von 500 mm bis 1.200 mm angeboten<br \/>\n<strong>\/<\/strong> Wandmontage erfolgt durch eine massive Edelstahl- Montagescheibe mir vier Bohrungen, die von hinten und damit ohne sichtbare Schwei\u00dfnaht mit dem Edelstahlausleger verbunden ist<br \/>\n<strong>\/<\/strong> Das Spannen der Banner erfolgt durch zwei Spannschrauben bei einem Spannbereich von bis zu 35 mm<\/p>\n","protected":false},"excerpt":{"rendered":"<p>\/ Edelstahl \/ Montagescheibe 200 x 5 mm \/ Mit \u00d8 43 mm Edelstahlauslegern und \u00d8 27 mm Spannrohren werden L\u00e4ngen von 500 mm bis 1.200 mm angeboten \/ Wandmontage erfolgt durch eine massive Edelstahl- Montagescheibe mir vier Bohrungen, die von hinten und damit ohne sichtbare Schwei\u00dfnaht mit dem Edelstahlausleger verbunden ist \/ Das Spannen [&hellip;]<\/p>\n","protected":false},"featured_media":10475,"template":"","meta":[],"product_cat":[123,994],"product_tag":[],"class_list":{"0":"post-10468","1":"product","2":"type-product","3":"status-publish","4":"has-post-thumbnail","6":"product_cat-schildanlagen","7":"product_cat-mytube-bannerhalter","8":"pa_laenge-mm-651","9":"pa_laenge-mm-884","10":"pa_laenge-mm-653","11":"pa_laenge-mm-886","12":"pa_laenge-mm-885","13":"pa_material-edelstahl","14":"pa_menge-219","16":"first","17":"instock","18":"taxable","19":"shipping-taxable","20":"product-type-variable"},"tiered_pricing_type":"fixed","tiered_pricing_fixed_rules":[],"tiered_pricing_percentage_rules":[],"tiered_pricing_minimum":1,"tiered_pricing_roles_data":[],"_links":{"self":[{"href":"https:\/\/shop-consystec.de\/en\/wp-json\/wp\/v2\/product\/10468","targetHints":{"allow":["GET"]}}],"collection":[{"href":"https:\/\/shop-consystec.de\/en\/wp-json\/wp\/v2\/product"}],"about":[{"href":"https:\/\/shop-consystec.de\/en\/wp-json\/wp\/v2\/types\/product"}],"version-history":[{"count":1,"href":"https:\/\/shop-consystec.de\/en\/wp-json\/wp\/v2\/product\/10468\/revisions"}],"predecessor-version":[{"id":10469,"href":"https:\/\/shop-consystec.de\/en\/wp-json\/wp\/v2\/product\/10468\/revisions\/10469"}],"wp:featuredmedia":[{"embeddable":true,"href":"https:\/\/shop-consystec.de\/en\/wp-json\/wp\/v2\/media\/10475"}],"wp:attachment":[{"href":"https:\/\/shop-consystec.de\/en\/wp-json\/wp\/v2\/media?parent=10468"}],"wp:term":[{"taxonomy":"product_cat","embeddable":true,"href":"https:\/\/shop-consystec.de\/en\/wp-json\/wp\/v2\/product_cat?post=10468"},{"taxonomy":"product_tag","embeddable":true,"href":"https:\/\/shop-consystec.de\/en\/wp-json\/wp\/v2\/product_tag?post=10468"}],"curies":[{"name":"wp","href":"https:\/\/api.w.org\/{rel}","templated":true}]}}