{"id":10498,"date":"2020-12-28T15:02:02","date_gmt":"2020-12-28T14:02:02","guid":{"rendered":"https:\/\/demo.shop-consystec.de\/?post_type=product&#038;p=10498"},"modified":"2024-01-01T15:10:48","modified_gmt":"2024-01-01T14:10:48","slug":"mytube-hinweisschild-anlage-zum-aufstellen","status":"publish","type":"product","link":"https:\/\/shop-consystec.de\/en\/produkt\/mytube-hinweisschild-anlage-zum-aufstellen\/","title":{"rendered":"MyTube-Hinweisschild Anlage zum Aufstellen"},"content":{"rendered":"<p><strong>\/<\/strong> bestehend aus 1 Edelstahl-Rundrohr<br \/>\n<strong>\/<\/strong> 1 Tellerfu\u00df Edelstahl \u00d8 300 mm (St\u00e4rke 5 mm) mit 4 Bohrungen<br \/>\n<strong>\/<\/strong> 1 abgeschr\u00e4gten Edelstahl-Abschlusskappe mit 2 Bohrungen<br \/>\n<strong>\/<\/strong> 1 Edelstahl-Montageplatte und 2 passenden Befestigungsschrauben<\/p>\n","protected":false},"excerpt":{"rendered":"<p>\/ bestehend aus 1 Edelstahl-Rundrohr \/ 1 Tellerfu\u00df Edelstahl \u00d8 300 mm (St\u00e4rke 5 mm) mit 4 Bohrungen \/ 1 abgeschr\u00e4gten Edelstahl-Abschlusskappe mit 2 Bohrungen \/ 1 Edelstahl-Montageplatte und 2 passenden Befestigungsschrauben<\/p>\n","protected":false},"featured_media":10481,"template":"","meta":[],"product_cat":[123,993],"product_tag":[],"class_list":{"0":"post-10498","1":"product","2":"type-product","3":"status-publish","4":"has-post-thumbnail","6":"product_cat-schildanlagen","7":"product_cat-mytube-hinweisschilder","8":"pa_hoehe-319","9":"pa_hoehe-889","10":"pa_hoehe-425","11":"pa_hoehe-887","12":"pa_hoehe-888","13":"pa_hoehe-419","14":"pa_hoehe-321","15":"pa_hoehe-473","16":"pa_hoehe-433","17":"pa_kategorie-grundmodell","18":"pa_material-edelstahl","19":"pa_menge-219","20":"pa_montageart-anlagen-zum-aufstellen","22":"first","23":"instock","24":"taxable","25":"shipping-taxable","26":"purchasable","27":"product-type-variable"},"tiered_pricing_type":"fixed","tiered_pricing_fixed_rules":[],"tiered_pricing_percentage_rules":[],"tiered_pricing_minimum":1,"tiered_pricing_roles_data":[],"_links":{"self":[{"href":"https:\/\/shop-consystec.de\/en\/wp-json\/wp\/v2\/product\/10498","targetHints":{"allow":["GET"]}}],"collection":[{"href":"https:\/\/shop-consystec.de\/en\/wp-json\/wp\/v2\/product"}],"about":[{"href":"https:\/\/shop-consystec.de\/en\/wp-json\/wp\/v2\/types\/product"}],"version-history":[{"count":1,"href":"https:\/\/shop-consystec.de\/en\/wp-json\/wp\/v2\/product\/10498\/revisions"}],"predecessor-version":[{"id":10507,"href":"https:\/\/shop-consystec.de\/en\/wp-json\/wp\/v2\/product\/10498\/revisions\/10507"}],"wp:featuredmedia":[{"embeddable":true,"href":"https:\/\/shop-consystec.de\/en\/wp-json\/wp\/v2\/media\/10481"}],"wp:attachment":[{"href":"https:\/\/shop-consystec.de\/en\/wp-json\/wp\/v2\/media?parent=10498"}],"wp:term":[{"taxonomy":"product_cat","embeddable":true,"href":"https:\/\/shop-consystec.de\/en\/wp-json\/wp\/v2\/product_cat?post=10498"},{"taxonomy":"product_tag","embeddable":true,"href":"https:\/\/shop-consystec.de\/en\/wp-json\/wp\/v2\/product_tag?post=10498"}],"curies":[{"name":"wp","href":"https:\/\/api.w.org\/{rel}","templated":true}]}}