{"id":11467,"date":"2021-01-03T17:26:49","date_gmt":"2021-01-03T16:26:49","guid":{"rendered":"https:\/\/demo.shop-consystec.de\/?post_type=product&#038;p=11467"},"modified":"2021-02-22T16:21:08","modified_gmt":"2021-02-22T15:21:08","slug":"spuckschutz","status":"publish","type":"product","link":"https:\/\/shop-consystec.de\/en\/produkt\/spuckschutz\/","title":{"rendered":"Spuckschutz"},"content":{"rendered":"<p><strong>\/<\/strong> m\u00f6gliche Ausf\u00fchrungen: Faltbar, Alu-Profile, 3-teilig, zum h\u00e4ngen<\/p>\n","protected":false},"excerpt":{"rendered":"<p>\/ m\u00f6gliche Ausf\u00fchrungen: Faltbar, Alu-Profile, 3-teilig, zum h\u00e4ngen<\/p>\n","protected":false},"featured_media":8308,"template":"","meta":[],"product_cat":[15],"product_tag":[],"class_list":{"0":"post-11467","1":"product","2":"type-product","3":"status-publish","4":"has-post-thumbnail","6":"product_cat-allgemein","7":"pa_ausfuehrung-3-teilig","8":"pa_ausfuehrung-3-teilig-eco","9":"pa_ausfuehrung-alu-profile","10":"pa_ausfuehrung-faltbar","11":"pa_ausfuehrung-zum-haengen","12":"pa_breite-881","13":"pa_breite-251","14":"pa_breite-252","15":"pa_breite-270","16":"pa_breite-318","17":"pa_breite-271","18":"pa_breite-976","19":"pa_hoehe-319","20":"pa_hoehe-286","21":"pa_hoehe-321","22":"pa_hoehe-433","24":"first","25":"instock","26":"taxable","27":"shipping-taxable","28":"purchasable","29":"product-type-variable"},"tiered_pricing_type":"fixed","tiered_pricing_fixed_rules":[],"tiered_pricing_percentage_rules":[],"tiered_pricing_minimum":1,"tiered_pricing_roles_data":[],"_links":{"self":[{"href":"https:\/\/shop-consystec.de\/en\/wp-json\/wp\/v2\/product\/11467","targetHints":{"allow":["GET"]}}],"collection":[{"href":"https:\/\/shop-consystec.de\/en\/wp-json\/wp\/v2\/product"}],"about":[{"href":"https:\/\/shop-consystec.de\/en\/wp-json\/wp\/v2\/types\/product"}],"version-history":[{"count":1,"href":"https:\/\/shop-consystec.de\/en\/wp-json\/wp\/v2\/product\/11467\/revisions"}],"predecessor-version":[{"id":11468,"href":"https:\/\/shop-consystec.de\/en\/wp-json\/wp\/v2\/product\/11467\/revisions\/11468"}],"wp:featuredmedia":[{"embeddable":true,"href":"https:\/\/shop-consystec.de\/en\/wp-json\/wp\/v2\/media\/8308"}],"wp:attachment":[{"href":"https:\/\/shop-consystec.de\/en\/wp-json\/wp\/v2\/media?parent=11467"}],"wp:term":[{"taxonomy":"product_cat","embeddable":true,"href":"https:\/\/shop-consystec.de\/en\/wp-json\/wp\/v2\/product_cat?post=11467"},{"taxonomy":"product_tag","embeddable":true,"href":"https:\/\/shop-consystec.de\/en\/wp-json\/wp\/v2\/product_tag?post=11467"}],"curies":[{"name":"wp","href":"https:\/\/api.w.org\/{rel}","templated":true}]}}