{"id":16953,"date":"2023-04-09T22:20:41","date_gmt":"2023-04-09T21:20:41","guid":{"rendered":"https:\/\/shop-consystec.de\/?post_type=product&#038;p=16953"},"modified":"2025-12-30T08:19:09","modified_gmt":"2025-12-30T07:19:09","slug":"changefix-aluminiumblende","status":"publish","type":"product","link":"https:\/\/shop-consystec.de\/en\/produkt\/changefix-aluminiumblende\/","title":{"rendered":"ChangeFix, Aluminiumblende"},"content":{"rendered":"<p><strong>\/<\/strong> zwei Glasscheiben (thermisch geh\u00e4rtet) mit zwei bzw. vier Lochbohrungen<br \/>\n<strong>\/<\/strong> je nach Ausf\u00fchrung einer bzw. zwei Aluminiumblenden (Glasbreite x 30 mm).<br \/>\n<strong>\/<\/strong> zwei bzw. vier Edelstahlschrauben.<\/p>\n<p>Durch den Aufbau kann der Beschriftungswechsel denkbar simpel<br \/>\nohne Einsatz eines Werkzeugs erfolgen \u2013 einfach seitlich einschieben und fertig!<br \/>\nNeben den angebotenen Standardformaten k\u00f6nnen mit diesem System<br \/>\nauch gr\u00f6\u00dfere \u00dcbersichtsschilder mit mehreren Einsch\u00fcben<br \/>\n\u00fcbereinander realisiert werden.<\/p>\n","protected":false},"excerpt":{"rendered":"<p>\/ zwei Glasscheiben (thermisch geh\u00e4rtet) mit zwei bzw. vier Lochbohrungen \/ je nach Ausf\u00fchrung einer bzw. zwei Aluminiumblenden (Glasbreite x 30 mm). \/ zwei bzw. vier Edelstahlschrauben. Durch den Aufbau kann der Beschriftungswechsel denkbar simpel ohne Einsatz eines Werkzeugs erfolgen \u2013 einfach seitlich einschieben und fertig! Neben den angebotenen Standardformaten k\u00f6nnen mit diesem System auch [&hellip;]<\/p>\n","protected":false},"featured_media":18408,"template":"","meta":[],"product_cat":[124,231],"product_tag":[],"class_list":{"0":"post-16953","1":"product","2":"type-product","3":"status-publish","4":"has-post-thumbnail","6":"product_cat-tuer-und-uebersichtsschilder","7":"product_cat-changefix","8":"pa_anzahl-schildhalter-477","9":"pa_anzahl-schildhalter-478","10":"pa_breite-212","11":"pa_breite-192","12":"pa_breite-200","13":"pa_hoehe-201","14":"pa_hoehe-213","15":"pa_hoehe-185","16":"pa_hoehe-206","17":"pa_hoehe-222","18":"pa_material-aluminium","19":"pa_material-thermisch-gehaertetes-glas","21":"first","22":"instock","23":"taxable","24":"shipping-taxable","25":"purchasable","26":"product-type-variable"},"tiered_pricing_type":"fixed","tiered_pricing_fixed_rules":[],"tiered_pricing_percentage_rules":[],"tiered_pricing_minimum":1,"tiered_pricing_roles_data":[],"_links":{"self":[{"href":"https:\/\/shop-consystec.de\/en\/wp-json\/wp\/v2\/product\/16953","targetHints":{"allow":["GET"]}}],"collection":[{"href":"https:\/\/shop-consystec.de\/en\/wp-json\/wp\/v2\/product"}],"about":[{"href":"https:\/\/shop-consystec.de\/en\/wp-json\/wp\/v2\/types\/product"}],"version-history":[{"count":5,"href":"https:\/\/shop-consystec.de\/en\/wp-json\/wp\/v2\/product\/16953\/revisions"}],"predecessor-version":[{"id":18407,"href":"https:\/\/shop-consystec.de\/en\/wp-json\/wp\/v2\/product\/16953\/revisions\/18407"}],"wp:featuredmedia":[{"embeddable":true,"href":"https:\/\/shop-consystec.de\/en\/wp-json\/wp\/v2\/media\/18408"}],"wp:attachment":[{"href":"https:\/\/shop-consystec.de\/en\/wp-json\/wp\/v2\/media?parent=16953"}],"wp:term":[{"taxonomy":"product_cat","embeddable":true,"href":"https:\/\/shop-consystec.de\/en\/wp-json\/wp\/v2\/product_cat?post=16953"},{"taxonomy":"product_tag","embeddable":true,"href":"https:\/\/shop-consystec.de\/en\/wp-json\/wp\/v2\/product_tag?post=16953"}],"curies":[{"name":"wp","href":"https:\/\/api.w.org\/{rel}","templated":true}]}}