{"id":19145,"date":"2024-12-08T23:45:21","date_gmt":"2024-12-08T22:45:21","guid":{"rendered":"https:\/\/shop-consystec.de\/?post_type=product&#038;p=19145"},"modified":"2026-01-01T21:26:50","modified_gmt":"2026-01-01T20:26:50","slug":"new-age","status":"publish","type":"product","link":"https:\/\/shop-consystec.de\/en\/produkt\/new-age\/","title":{"rendered":"New Age"},"content":{"rendered":"<h2 class=\"fs15\">NEW AGE T\u00fcrschilder<\/h2>\n<div>\n<p>Die <strong>nahezu rahmenlos\u00a0und superflach<\/strong> gebauten Schilder mit robustem Aluminiumprofil und Acrylglasscheibe zeichnen sich besonders durch die <strong>hochwertige Verarbeitung<\/strong>aus.\u00a0Das zeitlose Design f\u00fcgt sich m\u00fchelos in jedes Raumkonzept ein und sorgt f\u00fcr optische Leichtigkeit.<\/p>\n<p>Der einfache Austausch der Beschriftungseinlagen garantiert Flexibilit\u00e4t und Individualit\u00e4t bei der Gestaltung. Die Befestigung erfolgt durch die mitgelieferten Schrauben oder Klebepads.<\/p>\n<ul>\n<li>hochfeste, silbermatte Aluminiumprofile<\/li>\n<li><strong>superflache Bauweise<\/strong><\/li>\n<li>Abedeckung aus Acrylglas<\/li>\n<li><strong>einfacher Wechsel der Beschriftungseinlagen<\/strong><\/li>\n<li>Beschriftungsm\u00f6glichkeiten: Creativpapier oder Folieneinlage<\/li>\n<li>Befestigung durch Schrauben oder Klebepads<\/li>\n<\/ul>\n<p>Die Schilderserie New Age ist aufgrund der zahlreichen Variationen zur Ausstattung eines kompletten Geb\u00e4udes geeignet. Zur Auswahl stehen T\u00fcrschilder, Tischaufsteller, Infoschilder, Infotafeln, Bodenaufsteller, Wandausleger oder Deckenabh\u00e4ngungen, die in ihrem Design aufeinander abgestimmt sind.<\/p>\n<\/div>\n<p>\/ <b>Material Abdeckung\u00a0<\/b>Kunststoff<br \/>\n<strong>\/ Farbe<\/strong> silber<br \/>\n<strong>\/\u00a0Befestigungsart<\/strong> zum Verkleben, zum Verschrauben<br \/>\n<strong>\/ Einsatzbereich<\/strong> Innenbereich<br \/>\n<strong>\/ Lieferung inkl.<\/strong> Befestigungsmaterial<br \/>\n<strong>\/ Verschluss<\/strong> Einschub<br \/>\n<strong>\/ Beschriftung<\/strong> Einlage<br \/>\n<strong>\/ Einlage<\/strong> Papier<br \/>\n<strong>\/ Material<\/strong> Aluminium<br \/>\n<strong>\/ Material Halter \/Rahmen<\/strong> Aluminium<\/p>\n","protected":false},"excerpt":{"rendered":"<p>NEW AGE T\u00fcrschilder Die nahezu rahmenlos\u00a0und superflach gebauten Schilder mit robustem Aluminiumprofil und Acrylglasscheibe zeichnen sich besonders durch die hochwertige Verarbeitungaus.\u00a0Das zeitlose Design f\u00fcgt sich m\u00fchelos in jedes Raumkonzept ein und sorgt f\u00fcr optische Leichtigkeit. Der einfache Austausch der Beschriftungseinlagen garantiert Flexibilit\u00e4t und Individualit\u00e4t bei der Gestaltung. Die Befestigung erfolgt durch die mitgelieferten Schrauben oder [&hellip;]<\/p>\n","protected":false},"featured_media":19350,"template":"","meta":[],"product_cat":[1126,124],"product_tag":[],"class_list":{"0":"post-19145","1":"product","2":"type-product","3":"status-publish","4":"has-post-thumbnail","6":"product_cat-new-age","7":"product_cat-tuer-und-uebersichtsschilder","8":"pa_breite-115-2","9":"pa_breite-1112","10":"pa_breite-1113","11":"pa_breite-1115","12":"pa_breite-1116","13":"pa_breite-1114","14":"pa_format-hochformat","15":"pa_format-quadratisch","16":"pa_format-querformat","17":"pa_hoehe-105-2","18":"pa_hoehe-1117","19":"pa_hoehe-1120","20":"pa_hoehe-148-2","21":"pa_hoehe-1121","22":"pa_hoehe-1119","23":"pa_hoehe-1123","24":"pa_hoehe-1118","26":"first","27":"instock","28":"taxable","29":"shipping-taxable","30":"purchasable","31":"product-type-variable"},"tiered_pricing_type":"fixed","tiered_pricing_fixed_rules":[],"tiered_pricing_percentage_rules":[],"tiered_pricing_minimum":1,"tiered_pricing_roles_data":[],"_links":{"self":[{"href":"https:\/\/shop-consystec.de\/en\/wp-json\/wp\/v2\/product\/19145","targetHints":{"allow":["GET"]}}],"collection":[{"href":"https:\/\/shop-consystec.de\/en\/wp-json\/wp\/v2\/product"}],"about":[{"href":"https:\/\/shop-consystec.de\/en\/wp-json\/wp\/v2\/types\/product"}],"version-history":[{"count":3,"href":"https:\/\/shop-consystec.de\/en\/wp-json\/wp\/v2\/product\/19145\/revisions"}],"predecessor-version":[{"id":19150,"href":"https:\/\/shop-consystec.de\/en\/wp-json\/wp\/v2\/product\/19145\/revisions\/19150"}],"wp:featuredmedia":[{"embeddable":true,"href":"https:\/\/shop-consystec.de\/en\/wp-json\/wp\/v2\/media\/19350"}],"wp:attachment":[{"href":"https:\/\/shop-consystec.de\/en\/wp-json\/wp\/v2\/media?parent=19145"}],"wp:term":[{"taxonomy":"product_cat","embeddable":true,"href":"https:\/\/shop-consystec.de\/en\/wp-json\/wp\/v2\/product_cat?post=19145"},{"taxonomy":"product_tag","embeddable":true,"href":"https:\/\/shop-consystec.de\/en\/wp-json\/wp\/v2\/product_tag?post=19145"}],"curies":[{"name":"wp","href":"https:\/\/api.w.org\/{rel}","templated":true}]}}