{"id":19603,"date":"2025-03-13T09:19:45","date_gmt":"2025-03-13T08:19:45","guid":{"rendered":"https:\/\/shop-consystec.de\/?post_type=product&#038;p=19603"},"modified":"2025-03-13T09:28:11","modified_gmt":"2025-03-13T08:28:11","slug":"taktile-bodenindikatoren-kunststoff-rippe-noppe-schwarz-sale-50-stueck","status":"publish","type":"product","link":"https:\/\/shop-consystec.de\/en\/produkt\/taktile-bodenindikatoren-kunststoff-rippe-noppe-schwarz-sale-50-stueck\/","title":{"rendered":"Taktile Bodenindikatoren Kunststoff Rippe \/ Noppe schwarz &#8211; SALE &#8211; 50 St\u00fcck"},"content":{"rendered":"<p><strong>Taktile Leitstreifen<\/strong><\/p>\n<p>Farbe: matt schwarz<br \/>\nOberfl\u00e4che: angeraut, rutschfest<br \/>\nAbmessung: 295x35x4,5mm<\/p>\n<p>R\u00fcckseitig verbautes doppelseitiges<br \/>\nKlebeband 3M VHB mit Abziehhilfe<\/p>\n<p>Menge: 1VE = 50 St\u00fcck<\/p>\n<p><strong>Taktile Noppen<\/strong><\/p>\n<p>Farbe: matt schwarz<br \/>\nOberfl\u00e4che: angeraut, rutschfest<br \/>\nAbmessung: \u00d835mm, H\u00f6he 4,5mm<\/p>\n<p>R\u00fcckseitig verbautes doppelseitiges<br \/>\nKlebeband 3M VHB mit Abziehhilfe<\/p>\n<p>Menge: 1VE = 50 St\u00fcck<\/p>\n<p>&nbsp;<\/p>\n<p>&nbsp;<\/p>\n","protected":false},"excerpt":{"rendered":"<p>Taktile Leitstreifen Farbe: matt schwarz Oberfl\u00e4che: angeraut, rutschfest Abmessung: 295x35x4,5mm R\u00fcckseitig verbautes doppelseitiges Klebeband 3M VHB mit Abziehhilfe Menge: 1VE = 50 St\u00fcck Taktile Noppen Farbe: matt schwarz Oberfl\u00e4che: angeraut, rutschfest Abmessung: \u00d835mm, H\u00f6he 4,5mm R\u00fcckseitig verbautes doppelseitiges Klebeband 3M VHB mit Abziehhilfe Menge: 1VE = 50 St\u00fcck &nbsp; &nbsp;<\/p>\n","protected":false},"featured_media":19615,"template":"","meta":[],"product_cat":[220],"product_tag":[],"class_list":{"0":"post-19603","1":"product","2":"type-product","3":"status-publish","4":"has-post-thumbnail","6":"product_cat-outlet","7":"pa_durchmesser-mm-35-noppe","8":"pa_durchmesser-mm-35-rippe","9":"pa_farbe-schwarz","10":"pa_hoehe-897","11":"pa_material-kunststoff","12":"pa_menge-217","14":"first","15":"instock","16":"sale","17":"taxable","18":"shipping-taxable","19":"purchasable","20":"product-type-variable"},"tiered_pricing_type":"fixed","tiered_pricing_fixed_rules":[],"tiered_pricing_percentage_rules":[],"tiered_pricing_minimum":1,"tiered_pricing_roles_data":[],"_links":{"self":[{"href":"https:\/\/shop-consystec.de\/en\/wp-json\/wp\/v2\/product\/19603","targetHints":{"allow":["GET"]}}],"collection":[{"href":"https:\/\/shop-consystec.de\/en\/wp-json\/wp\/v2\/product"}],"about":[{"href":"https:\/\/shop-consystec.de\/en\/wp-json\/wp\/v2\/types\/product"}],"version-history":[{"count":4,"href":"https:\/\/shop-consystec.de\/en\/wp-json\/wp\/v2\/product\/19603\/revisions"}],"predecessor-version":[{"id":19619,"href":"https:\/\/shop-consystec.de\/en\/wp-json\/wp\/v2\/product\/19603\/revisions\/19619"}],"wp:featuredmedia":[{"embeddable":true,"href":"https:\/\/shop-consystec.de\/en\/wp-json\/wp\/v2\/media\/19615"}],"wp:attachment":[{"href":"https:\/\/shop-consystec.de\/en\/wp-json\/wp\/v2\/media?parent=19603"}],"wp:term":[{"taxonomy":"product_cat","embeddable":true,"href":"https:\/\/shop-consystec.de\/en\/wp-json\/wp\/v2\/product_cat?post=19603"},{"taxonomy":"product_tag","embeddable":true,"href":"https:\/\/shop-consystec.de\/en\/wp-json\/wp\/v2\/product_tag?post=19603"}],"curies":[{"name":"wp","href":"https:\/\/api.w.org\/{rel}","templated":true}]}}