{"id":20182,"date":"2025-12-07T23:00:59","date_gmt":"2025-12-07T22:00:59","guid":{"rendered":"https:\/\/shop-consystec.de\/?post_type=product&#038;p=20182"},"modified":"2026-03-12T13:17:18","modified_gmt":"2026-03-12T12:17:18","slug":"kundenstopper","status":"publish","type":"product","link":"https:\/\/shop-consystec.de\/en\/produkt\/kundenstopper\/","title":{"rendered":"Kundenstopper Classic &#8211; f\u00fcr den Innen- und Au\u00dfenbereich -erh\u00f6htes Gewicht-"},"content":{"rendered":"<p>\/ universell im Innen- und Au\u00dfenbereich einsetzbar<br \/>\n\/ <strong>optimale Stabilit\u00e4t durch erh\u00f6tes Gewicht<br \/>\n\/ <\/strong>aufmontierter Klemmrahmen aus 32 mm breiten Aluminium-Klemmprofilen<br \/>\n\/ klappbares Aluminium-Quadratrohr-Standgestell<br \/>\n\/ chromgl\u00e4nzende, abgerundete Ecken<br \/>\n\/ R\u00fcckwand aus stabilem Stahlblech, verzinkt und einseitig beschichtet<br \/>\n\/ Klemmrahmen mit UV-stabilisierter und entspiegelter Antireflex-Schutzfoli<\/p>\n","protected":false},"excerpt":{"rendered":"<p>\/ universell im Innen- und Au\u00dfenbereich einsetzbar \/ optimale Stabilit\u00e4t durch erh\u00f6tes Gewicht \/ aufmontierter Klemmrahmen aus 32 mm breiten Aluminium-Klemmprofilen \/ klappbares Aluminium-Quadratrohr-Standgestell \/ chromgl\u00e4nzende, abgerundete Ecken \/ R\u00fcckwand aus stabilem Stahlblech, verzinkt und einseitig beschichtet \/ Klemmrahmen mit UV-stabilisierter und entspiegelter Antireflex-Schutzfoli<\/p>\n","protected":false},"featured_media":20183,"template":"","meta":[],"product_cat":[220],"product_tag":[],"class_list":{"0":"post-20182","1":"product","2":"type-product","3":"status-publish","4":"has-post-thumbnail","6":"product_cat-outlet","8":"first","9":"instock","10":"sale","11":"taxable","12":"shipping-taxable","13":"purchasable","14":"product-type-variable"},"tiered_pricing_type":"fixed","tiered_pricing_fixed_rules":[],"tiered_pricing_percentage_rules":[],"tiered_pricing_minimum":1,"tiered_pricing_roles_data":[],"_links":{"self":[{"href":"https:\/\/shop-consystec.de\/en\/wp-json\/wp\/v2\/product\/20182","targetHints":{"allow":["GET"]}}],"collection":[{"href":"https:\/\/shop-consystec.de\/en\/wp-json\/wp\/v2\/product"}],"about":[{"href":"https:\/\/shop-consystec.de\/en\/wp-json\/wp\/v2\/types\/product"}],"version-history":[{"count":4,"href":"https:\/\/shop-consystec.de\/en\/wp-json\/wp\/v2\/product\/20182\/revisions"}],"predecessor-version":[{"id":20607,"href":"https:\/\/shop-consystec.de\/en\/wp-json\/wp\/v2\/product\/20182\/revisions\/20607"}],"wp:featuredmedia":[{"embeddable":true,"href":"https:\/\/shop-consystec.de\/en\/wp-json\/wp\/v2\/media\/20183"}],"wp:attachment":[{"href":"https:\/\/shop-consystec.de\/en\/wp-json\/wp\/v2\/media?parent=20182"}],"wp:term":[{"taxonomy":"product_cat","embeddable":true,"href":"https:\/\/shop-consystec.de\/en\/wp-json\/wp\/v2\/product_cat?post=20182"},{"taxonomy":"product_tag","embeddable":true,"href":"https:\/\/shop-consystec.de\/en\/wp-json\/wp\/v2\/product_tag?post=20182"}],"curies":[{"name":"wp","href":"https:\/\/api.w.org\/{rel}","templated":true}]}}