{"id":20401,"date":"2026-01-21T21:43:42","date_gmt":"2026-01-21T20:43:42","guid":{"rendered":"https:\/\/shop-consystec.de\/?post_type=product&#038;p=20401"},"modified":"2026-03-05T07:56:51","modified_gmt":"2026-03-05T06:56:51","slug":"indoor-kundenstopper","status":"publish","type":"product","link":"https:\/\/shop-consystec.de\/en\/produkt\/indoor-kundenstopper\/","title":{"rendered":"Indoor Kundenstopper"},"content":{"rendered":"<h3>Betriebsmodi<\/h3>\n<p><strong>Stand-Alone:<\/strong> Plug-and-Play Kundenstopper \/ Abspieldauer einstellen \/ USB-Stick mit Medien einstecken<\/p>\n<p><strong>App-Steuerung:<\/strong> Signaro Studio App runterladen \/ Playlist erstellen \/ \u00dcbertragen<\/p>\n<h3>Besonderheiten<\/h3>\n<p>\/ Freistehender Indoor-Kundenstopper f\u00fcr Werbung und Information<br \/>\n\/ Hochwertiges LCD-Panel f\u00fcr brillante Bild- und Videodarstellung<br \/>\n\/ Integrierter Mediaplayer \u2013 Inhalte per USB, SD-Karte oder LAN einspielbar<br \/>\n\/ Verf\u00fcgbar in mehreren Gr\u00f6\u00dfen f\u00fcr unterschiedliche Einsatzorte<br \/>\n\/ Robustes Metallgeh\u00e4use und stabiler Standfu\u00df f\u00fcr den Dauerbetrieb<br \/>\n\/ Ideal f\u00fcr Einzelhandel, Hotellerie, Gastronomie, Messen und Unternehmensfoyers<br \/>\n\/ Einfache Integration in bestehende Digital-Signage-L\u00f6sungen<\/p>\n<h3><strong>Technische<\/strong> Daten<\/h3>\n<p>\/ Controller: Signaro Player (Quad-Core \/ 2GB Ram \/ 16GB Speicher)<br \/>\n\/ Geh\u00e4use: Galvanisiertes Stahlblech 1-1,5mm<br \/>\n\/ Display: LG \/ Samsung \/ AUO \/ BOE<br \/>\n\/ Displayeigenschaften: 16:9 Format, 16.7M Farben, 1300:1 Kontrast, 178\u00b0 Sichtbereich (CR\u226510), LED Backlit (&gt;50 Tsd. Stunden)<br \/>\n\/ Displayglas: 5 mm High-Tempered-Glas<br \/>\n\/ Helligkeit: 350 Nits<br \/>\n\/ Arbeitsbereich: 0\u00b0C bis +50\u00b0C<br \/>\n\/ Anschl\u00fcsse &amp; Konnektivit\u00e4t: USB 2.0, HDMI, LAN, WiFi6, BT5.4, Fernbedienung, Mobilfunk 4G\/5G (opt.)<br \/>\n\/ Netzteil: AC100-240V, 50\/60Hz<br \/>\n\/ Zertifizierungen: CE, FCC, ROHS, ISO<\/p>\n","protected":false},"excerpt":{"rendered":"<p>Betriebsmodi Stand-Alone: Plug-and-Play Kundenstopper \/ Abspieldauer einstellen \/ USB-Stick mit Medien einstecken App-Steuerung: Signaro Studio App runterladen \/ Playlist erstellen \/ \u00dcbertragen Besonderheiten \/ Freistehender Indoor-Kundenstopper f\u00fcr Werbung und Information \/ Hochwertiges LCD-Panel f\u00fcr brillante Bild- und Videodarstellung \/ Integrierter Mediaplayer \u2013 Inhalte per USB, SD-Karte oder LAN einspielbar \/ Verf\u00fcgbar in mehreren Gr\u00f6\u00dfen f\u00fcr [&hellip;]<\/p>\n","protected":false},"featured_media":20547,"template":"","meta":[],"product_cat":[1141,122],"product_tag":[],"class_list":{"0":"post-20401","1":"product","2":"type-product","3":"status-publish","4":"has-post-thumbnail","6":"product_cat-signaro","7":"product_cat-digital-signage","8":"pa_farbe-schwarz","10":"first","11":"instock","12":"taxable","13":"shipping-taxable","14":"purchasable","15":"product-type-variable"},"tiered_pricing_type":"fixed","tiered_pricing_fixed_rules":[],"tiered_pricing_percentage_rules":[],"tiered_pricing_minimum":1,"tiered_pricing_roles_data":[],"_links":{"self":[{"href":"https:\/\/shop-consystec.de\/en\/wp-json\/wp\/v2\/product\/20401","targetHints":{"allow":["GET"]}}],"collection":[{"href":"https:\/\/shop-consystec.de\/en\/wp-json\/wp\/v2\/product"}],"about":[{"href":"https:\/\/shop-consystec.de\/en\/wp-json\/wp\/v2\/types\/product"}],"version-history":[{"count":6,"href":"https:\/\/shop-consystec.de\/en\/wp-json\/wp\/v2\/product\/20401\/revisions"}],"predecessor-version":[{"id":20586,"href":"https:\/\/shop-consystec.de\/en\/wp-json\/wp\/v2\/product\/20401\/revisions\/20586"}],"wp:featuredmedia":[{"embeddable":true,"href":"https:\/\/shop-consystec.de\/en\/wp-json\/wp\/v2\/media\/20547"}],"wp:attachment":[{"href":"https:\/\/shop-consystec.de\/en\/wp-json\/wp\/v2\/media?parent=20401"}],"wp:term":[{"taxonomy":"product_cat","embeddable":true,"href":"https:\/\/shop-consystec.de\/en\/wp-json\/wp\/v2\/product_cat?post=20401"},{"taxonomy":"product_tag","embeddable":true,"href":"https:\/\/shop-consystec.de\/en\/wp-json\/wp\/v2\/product_tag?post=20401"}],"curies":[{"name":"wp","href":"https:\/\/api.w.org\/{rel}","templated":true}]}}