{"id":20405,"date":"2026-01-21T22:02:09","date_gmt":"2026-01-21T21:02:09","guid":{"rendered":"https:\/\/shop-consystec.de\/?post_type=product&#038;p=20405"},"modified":"2026-03-04T21:33:16","modified_gmt":"2026-03-04T20:33:16","slug":"indoor-stele-doppelseitig","status":"publish","type":"product","link":"https:\/\/shop-consystec.de\/en\/produkt\/indoor-stele-doppelseitig\/","title":{"rendered":"Indoor Stele Doppelseitig"},"content":{"rendered":"<h3>Betriebsmodi<\/h3>\n<p><strong>Stand-Alone:<\/strong> Plug-and-Play Kundenstopper \/ Abspieldauer einstellen \/ USB-Stick mit Medien einstecken<\/p>\n<p><strong>App-Steuerung:<\/strong> Signaro Studio App runterladen \/ Playlist erstellen \/ \u00dcbertragen<\/p>\n<h3>Besonderheiten<\/h3>\n<p>\/ Freistehende Dual-Screen-Displaystele f\u00fcr maximale Sichtbarkeit<br \/>\n\/ Zwei gegen\u00fcberliegende LCD-Displays f\u00fcr 2-seitige Bespielung<br \/>\n\/ Displays je nach Konfiguration synchron oder mit unterschiedlichen Inhalten bespielbar<br \/>\n\/ Hochwertige Markenpanels f\u00fcr brillante Darstellung und 24\/7-Dauerbetrieb<br \/>\n\/ Ideal f\u00fcr Einkaufszentren, Bahnh\u00f6fe, Flugh\u00e4fen, Hotellobbys und Foyers<br \/>\n\/ Robustes Metallgeh\u00e4use und stabiler Standfu\u00df f\u00fcr den professionellen Einsatz<br \/>\n\/ Modernes, schlankes Design \u2013 f\u00fcgt sich harmonisch in hochwertige Innenr\u00e4ume ein<\/p>\n<h3>Technische Daten<\/h3>\n<p>\/ 2 x Controller (pro Display): Signaro Player (Quad-Core \/ 2GB \/ 16GB)<br \/>\n\/ Geh\u00e4use: Galvanisiertes Stahlblech 1-3 mm<br \/>\n\/ Display: LG \/ Samsung \/ AUO \/ BOE<br \/>\n\/ Displayeigenschaften: 16:9 Format, 16.7M Farben, 1300:1 Kontrast, 178\u00b0 Sichtbereich (CR\u226510), LED Backlit (&gt;50 Tsd. Stunden)<br \/>\n\/ Displayglas: 3-5 mm High-Tempered-Glas<br \/>\n\/ Helligkeit: 500 Nits<br \/>\n\/ Arbeitsbereich: 0\u00b0C bis +50\u00b0C<br \/>\n\/ Anschl\u00fcsse &amp; Konnektivit\u00e4t: USB 2.0, HDMI, LAN, WiFi6, BT5.4, Fernbedienung, Mobilfunk 4G\/5G (opt.)<br \/>\n\/ Netzteil: AC100-240V, 50\/60Hz<br \/>\n\/ Zertifizierungen: CE, FCC, ROHS, ISO<br \/>\n\/ Touch (optional): PCAP, 10 Punkte, &gt;50 Mio Ber\u00fchrungen<\/p>\n","protected":false},"excerpt":{"rendered":"<p>Betriebsmodi Stand-Alone: Plug-and-Play Kundenstopper \/ Abspieldauer einstellen \/ USB-Stick mit Medien einstecken App-Steuerung: Signaro Studio App runterladen \/ Playlist erstellen \/ \u00dcbertragen Besonderheiten \/ Freistehende Dual-Screen-Displaystele f\u00fcr maximale Sichtbarkeit \/ Zwei gegen\u00fcberliegende LCD-Displays f\u00fcr 2-seitige Bespielung \/ Displays je nach Konfiguration synchron oder mit unterschiedlichen Inhalten bespielbar \/ Hochwertige Markenpanels f\u00fcr brillante Darstellung und 24\/7-Dauerbetrieb [&hellip;]<\/p>\n","protected":false},"featured_media":20548,"template":"","meta":[],"product_cat":[1141,122],"product_tag":[],"class_list":{"0":"post-20405","1":"product","2":"type-product","3":"status-publish","4":"has-post-thumbnail","6":"product_cat-signaro","7":"product_cat-digital-signage","8":"pa_farbe-schwarz","9":"pa_farbe-weiss","10":"pa_format-in-zoll-1034","12":"first","13":"instock","14":"taxable","15":"shipping-taxable","16":"purchasable","17":"product-type-variable"},"tiered_pricing_type":"fixed","tiered_pricing_fixed_rules":[],"tiered_pricing_percentage_rules":[],"tiered_pricing_minimum":1,"tiered_pricing_roles_data":[],"_links":{"self":[{"href":"https:\/\/shop-consystec.de\/en\/wp-json\/wp\/v2\/product\/20405","targetHints":{"allow":["GET"]}}],"collection":[{"href":"https:\/\/shop-consystec.de\/en\/wp-json\/wp\/v2\/product"}],"about":[{"href":"https:\/\/shop-consystec.de\/en\/wp-json\/wp\/v2\/types\/product"}],"version-history":[{"count":4,"href":"https:\/\/shop-consystec.de\/en\/wp-json\/wp\/v2\/product\/20405\/revisions"}],"predecessor-version":[{"id":20584,"href":"https:\/\/shop-consystec.de\/en\/wp-json\/wp\/v2\/product\/20405\/revisions\/20584"}],"wp:featuredmedia":[{"embeddable":true,"href":"https:\/\/shop-consystec.de\/en\/wp-json\/wp\/v2\/media\/20548"}],"wp:attachment":[{"href":"https:\/\/shop-consystec.de\/en\/wp-json\/wp\/v2\/media?parent=20405"}],"wp:term":[{"taxonomy":"product_cat","embeddable":true,"href":"https:\/\/shop-consystec.de\/en\/wp-json\/wp\/v2\/product_cat?post=20405"},{"taxonomy":"product_tag","embeddable":true,"href":"https:\/\/shop-consystec.de\/en\/wp-json\/wp\/v2\/product_tag?post=20405"}],"curies":[{"name":"wp","href":"https:\/\/api.w.org\/{rel}","templated":true}]}}