{"id":20413,"date":"2026-01-21T22:18:06","date_gmt":"2026-01-21T21:18:06","guid":{"rendered":"https:\/\/shop-consystec.de\/?post_type=product&#038;p=20413"},"modified":"2026-03-04T21:35:47","modified_gmt":"2026-03-04T20:35:47","slug":"semi-outdoor-kundenstopper","status":"publish","type":"product","link":"https:\/\/shop-consystec.de\/en\/produkt\/semi-outdoor-kundenstopper\/","title":{"rendered":"Outdoor Kundenstopper mit Akku"},"content":{"rendered":"<h3>Betriebsmodi<\/h3>\n<p><strong>Stand-Alone:<\/strong> Plug-and-Play Kundenstopper \/ Abspieldauer einstellen \/ USB-Stick mit Medien einstecken<\/p>\n<p><strong>App-Steuerung:<\/strong> Signaro Studio App runterladen \/ Playlist erstellen \/ \u00dcbertragen<\/p>\n<h3>Besonderheiten<\/h3>\n<p>\/ Portabler Semi-Outdoor-LCD-Screen mit hoher Helligkeit, auch in direktem Sonnenlicht lesbar<br \/>\n\/ Integrierter Akku f\u00fcr bis zu 10 Stunden kabellosen Betrieb (bei voller Helligkeit und dauerhafter Videowiedergabe)<br \/>\n\/ Unterst\u00fctzung von USB, internem Speicher, Ethernet, HDMI und WLAN<br \/>\n\/ Intelligente Split-Screen-Funktion f\u00fcr gleichzeitige Anzeige mehrerer Inhalte<br \/>\n\/ Robustes, hitze-, k\u00e4lte- und UV- best\u00e4ndiges Geh\u00e4use f\u00fcr anspruchsvolle Umgebungen<br \/>\n\/ Mobil dank Rollen mit Feststellbremse \u2013 leicht zu bewegen, sicher im Stand<\/p>\n<h3><strong>Technische Merkmale<\/strong><\/h3>\n<p>\/ Controller: Signaro Player (Quad-Core \/ 2GB Ram \/ 16 GB Speicher)<br \/>\n\/ Geh\u00e4use: Galvanisiertes Stahlblech 1-3 mm<br \/>\n\/ Display: LG \/ Samsung \/ AUO \/ BOE<br \/>\n\/ Displayeigenschaften: 16:9 Format, 16.7M Farben, 1300:1 Kontrast, 178\u00b0 Sichtbereich (CR\u226510), LED Backlit (&gt;50 Tsd. Stunden)<br \/>\n\/ Displayglas: 3-8 mm High-Tempered-Glas<br \/>\n\/ Helligkeit: 1.500 Nits<br \/>\n\/ Arbeitsbereich: -10\u00b0C bis +50\u00b0C<br \/>\n\/ Anschl\u00fcsse &amp; Konnektivit\u00e4t: USB 2.0, HDMI, LAN, WiFi6, BT5.4<br \/>\n\/ Netzteil: AC100-240V, 50\/60Hz<br \/>\n\/ Zertifizierungen: CE, FCC, ROHS, ISO<\/p>\n","protected":false},"excerpt":{"rendered":"<p>Betriebsmodi Stand-Alone: Plug-and-Play Kundenstopper \/ Abspieldauer einstellen \/ USB-Stick mit Medien einstecken App-Steuerung: Signaro Studio App runterladen \/ Playlist erstellen \/ \u00dcbertragen Besonderheiten \/ Portabler Semi-Outdoor-LCD-Screen mit hoher Helligkeit, auch in direktem Sonnenlicht lesbar \/ Integrierter Akku f\u00fcr bis zu 10 Stunden kabellosen Betrieb (bei voller Helligkeit und dauerhafter Videowiedergabe) \/ Unterst\u00fctzung von USB, internem [&hellip;]<\/p>\n","protected":false},"featured_media":20546,"template":"","meta":[],"product_cat":[1141,122],"product_tag":[],"class_list":{"0":"post-20413","1":"product","2":"type-product","3":"status-publish","4":"has-post-thumbnail","6":"product_cat-signaro","7":"product_cat-digital-signage","8":"pa_farbe-schwarz","9":"pa_format-in-zoll-1032","11":"first","12":"instock","13":"taxable","14":"shipping-taxable","15":"purchasable","16":"product-type-simple"},"tiered_pricing_type":"fixed","tiered_pricing_fixed_rules":[],"tiered_pricing_percentage_rules":[],"tiered_pricing_minimum":1,"tiered_pricing_roles_data":[],"_links":{"self":[{"href":"https:\/\/shop-consystec.de\/en\/wp-json\/wp\/v2\/product\/20413","targetHints":{"allow":["GET"]}}],"collection":[{"href":"https:\/\/shop-consystec.de\/en\/wp-json\/wp\/v2\/product"}],"about":[{"href":"https:\/\/shop-consystec.de\/en\/wp-json\/wp\/v2\/types\/product"}],"version-history":[{"count":6,"href":"https:\/\/shop-consystec.de\/en\/wp-json\/wp\/v2\/product\/20413\/revisions"}],"predecessor-version":[{"id":20587,"href":"https:\/\/shop-consystec.de\/en\/wp-json\/wp\/v2\/product\/20413\/revisions\/20587"}],"wp:featuredmedia":[{"embeddable":true,"href":"https:\/\/shop-consystec.de\/en\/wp-json\/wp\/v2\/media\/20546"}],"wp:attachment":[{"href":"https:\/\/shop-consystec.de\/en\/wp-json\/wp\/v2\/media?parent=20413"}],"wp:term":[{"taxonomy":"product_cat","embeddable":true,"href":"https:\/\/shop-consystec.de\/en\/wp-json\/wp\/v2\/product_cat?post=20413"},{"taxonomy":"product_tag","embeddable":true,"href":"https:\/\/shop-consystec.de\/en\/wp-json\/wp\/v2\/product_tag?post=20413"}],"curies":[{"name":"wp","href":"https:\/\/api.w.org\/{rel}","templated":true}]}}