{"id":20421,"date":"2026-01-21T22:40:54","date_gmt":"2026-01-21T21:40:54","guid":{"rendered":"https:\/\/shop-consystec.de\/?post_type=product&#038;p=20421"},"modified":"2026-03-04T21:40:23","modified_gmt":"2026-03-04T20:40:23","slug":"outdoor-stele","status":"publish","type":"product","link":"https:\/\/shop-consystec.de\/en\/produkt\/outdoor-stele\/","title":{"rendered":"Outdoor Stele"},"content":{"rendered":"<h3>Betriebsmodi<\/h3>\n<p><strong>Stand-Alone:<\/strong> Plug-and-Play Kundenstopper \/ Abspieldauer einstellen \/ USB-Stick mit Medien einstecken<\/p>\n<p><strong>App-Steuerung:<\/strong> Signaro Studio App runterladen \/ Playlist erstellen \/ \u00dcbertragen<\/p>\n<h3>Besonderheiten<\/h3>\n<p>\/ Freistehende Outdoor-Stele f\u00fcr professionelle Digital-Signage-Anwendungen<br \/>\n\/Hochhelliges LCD-Display f\u00fcr sehr gute Lesbarkeit bei Tageslicht und Sonneneinstrahlung<br \/>\n\/ Wettergesch\u00fctztes, robustes Geh\u00e4use f\u00fcr den dauerhaften Einsatz im Au\u00dfenbereich<br \/>\n\/ Vandalismushemmende Konstruktion \u2013 ideal f\u00fcr \u00f6ffentliche und stark frequentierte Bereiche<br \/>\n\/ Verschiedene Displaygr\u00f6\u00dfen f\u00fcr unterschiedliche Standorte und Betrachtungsabst\u00e4nde<\/p>\n<h3>Technische Daten<\/h3>\n<p>\/ Controller: Signaro Player (Quad-Core \/ 2GB Ram \/ 16GB Speicher)<br \/>\n\/ Geh\u00e4use: Galvanisiertes Stahlblech 1-3 mm<br \/>\n\/ Display: LG \/ Samsung \/ AUO \/ BOE<br \/>\n\/ Displayeigenschaften: 16:9 Format, 16.7M Farben, 1300:1 Kontrast, 178\u00b0 Sichtbereich (CR\u226510), LED Backlit (&gt;50 Tsd.\u00a0 \u00a0Stunden)<br \/>\n\/ Displayglas: 5-8 mm High-Tempered-Glas, entpolarisiert, entspiegelt (AR) oder mattiert (AG)<br \/>\n\/ Helligkeit: 3.000 Nits<br \/>\n\/ Arbeitsbereich: -30\u00b0C bis +60\u00b0C<br \/>\n\/ K\u00fchlung &amp; Heizung: Aircondition &amp; Heater<br \/>\n\/ Anschl\u00fcsse &amp; Konnektivit\u00e4t: USB 2.0, HDMI, LAN, WiFi6, BT5.4, Mobilfunk 4G\/5G, Kamera (deaktivierbar)<br \/>\n\/ Netzteil: AC100-240V, 50\/60Hz<br \/>\n\/ Touch: PCAP, 10 Punkte, &gt;50 Mio Ber\u00fchrungen<br \/>\n\/ Zertifizierungen: CE, FCC, ROHS, ISO, IP65<\/p>\n","protected":false},"excerpt":{"rendered":"<p>Betriebsmodi Stand-Alone: Plug-and-Play Kundenstopper \/ Abspieldauer einstellen \/ USB-Stick mit Medien einstecken App-Steuerung: Signaro Studio App runterladen \/ Playlist erstellen \/ \u00dcbertragen Besonderheiten \/ Freistehende Outdoor-Stele f\u00fcr professionelle Digital-Signage-Anwendungen \/Hochhelliges LCD-Display f\u00fcr sehr gute Lesbarkeit bei Tageslicht und Sonneneinstrahlung \/ Wettergesch\u00fctztes, robustes Geh\u00e4use f\u00fcr den dauerhaften Einsatz im Au\u00dfenbereich \/ Vandalismushemmende Konstruktion \u2013 ideal f\u00fcr [&hellip;]<\/p>\n","protected":false},"featured_media":20552,"template":"","meta":[],"product_cat":[1141,122],"product_tag":[],"class_list":{"0":"post-20421","1":"product","2":"type-product","3":"status-publish","4":"has-post-thumbnail","6":"product_cat-signaro","7":"product_cat-digital-signage","8":"pa_farbe-schwarz","9":"pa_farbe-weiss","10":"pa_format-in-zoll-65-2","12":"first","13":"instock","14":"taxable","15":"shipping-taxable","16":"purchasable","17":"product-type-variable"},"tiered_pricing_type":"fixed","tiered_pricing_fixed_rules":[],"tiered_pricing_percentage_rules":[],"tiered_pricing_minimum":1,"tiered_pricing_roles_data":[],"_links":{"self":[{"href":"https:\/\/shop-consystec.de\/en\/wp-json\/wp\/v2\/product\/20421","targetHints":{"allow":["GET"]}}],"collection":[{"href":"https:\/\/shop-consystec.de\/en\/wp-json\/wp\/v2\/product"}],"about":[{"href":"https:\/\/shop-consystec.de\/en\/wp-json\/wp\/v2\/types\/product"}],"version-history":[{"count":3,"href":"https:\/\/shop-consystec.de\/en\/wp-json\/wp\/v2\/product\/20421\/revisions"}],"predecessor-version":[{"id":20593,"href":"https:\/\/shop-consystec.de\/en\/wp-json\/wp\/v2\/product\/20421\/revisions\/20593"}],"wp:featuredmedia":[{"embeddable":true,"href":"https:\/\/shop-consystec.de\/en\/wp-json\/wp\/v2\/media\/20552"}],"wp:attachment":[{"href":"https:\/\/shop-consystec.de\/en\/wp-json\/wp\/v2\/media?parent=20421"}],"wp:term":[{"taxonomy":"product_cat","embeddable":true,"href":"https:\/\/shop-consystec.de\/en\/wp-json\/wp\/v2\/product_cat?post=20421"},{"taxonomy":"product_tag","embeddable":true,"href":"https:\/\/shop-consystec.de\/en\/wp-json\/wp\/v2\/product_tag?post=20421"}],"curies":[{"name":"wp","href":"https:\/\/api.w.org\/{rel}","templated":true}]}}