{"id":5198,"date":"2020-11-30T12:06:45","date_gmt":"2020-11-30T11:06:45","guid":{"rendered":"https:\/\/demo.shop-consystec.de\/?post_type=product&#038;p=5198"},"modified":"2023-01-01T17:44:56","modified_gmt":"2023-01-01T16:44:56","slug":"pylone-hera-serie-eloxiert","status":"publish","type":"product","link":"https:\/\/shop-consystec.de\/en\/produkt\/pylone-hera-serie-eloxiert\/","title":{"rendered":"Pylone Hera Serie eloxiert"},"content":{"rendered":"<p><strong>\/ <\/strong>Beleuchteter Au\u00dfenpylon<br \/>\n<strong>\/<\/strong>\u00a0Aluminium und Plexiglas<br \/>\n<strong>\/<\/strong> beidseitige LED Beleuchtung<br \/>\n<strong>\/\u00a0<\/strong>Decken- und Bodenst\u00fcck aus feuerverzinktem und pulverbeschichtetem Stahl<br \/>\n<strong>\/\u00a0<\/strong>wahlweise Montage auf Fundament oder direktes einbetonieren (F\u00fc\u00dfe bzw. Montageprofile m\u00fcssen separat bestellt werden)<\/p>\n","protected":false},"excerpt":{"rendered":"<p>\/ Beleuchteter Au\u00dfenpylon \/\u00a0Aluminium und Plexiglas \/ beidseitige LED Beleuchtung \/\u00a0Decken- und Bodenst\u00fcck aus feuerverzinktem und pulverbeschichtetem Stahl \/\u00a0wahlweise Montage auf Fundament oder direktes einbetonieren (F\u00fc\u00dfe bzw. Montageprofile m\u00fcssen separat bestellt werden)<\/p>\n","protected":false},"featured_media":5239,"template":"","meta":[],"product_cat":[443],"product_tag":[],"class_list":{"0":"post-5198","1":"product","2":"type-product","3":"status-publish","4":"has-post-thumbnail","6":"product_cat-hera-serie","7":"pa_breite-458","8":"pa_breite-459","9":"pa_breite-460","10":"pa_breite-461","11":"pa_farbe-eloxiert","12":"pa_hoehe-419","13":"pa_hoehe-421","14":"pa_hoehe-422","15":"pa_hoehe-430","16":"pa_hoehe-462","17":"pa_hoehe-463","19":"first","20":"instock","21":"taxable","22":"shipping-taxable","23":"purchasable","24":"product-type-variable"},"tiered_pricing_type":"fixed","tiered_pricing_fixed_rules":[],"tiered_pricing_percentage_rules":[],"tiered_pricing_minimum":1,"tiered_pricing_roles_data":[],"_links":{"self":[{"href":"https:\/\/shop-consystec.de\/en\/wp-json\/wp\/v2\/product\/5198","targetHints":{"allow":["GET"]}}],"collection":[{"href":"https:\/\/shop-consystec.de\/en\/wp-json\/wp\/v2\/product"}],"about":[{"href":"https:\/\/shop-consystec.de\/en\/wp-json\/wp\/v2\/types\/product"}],"version-history":[{"count":2,"href":"https:\/\/shop-consystec.de\/en\/wp-json\/wp\/v2\/product\/5198\/revisions"}],"predecessor-version":[{"id":11877,"href":"https:\/\/shop-consystec.de\/en\/wp-json\/wp\/v2\/product\/5198\/revisions\/11877"}],"wp:featuredmedia":[{"embeddable":true,"href":"https:\/\/shop-consystec.de\/en\/wp-json\/wp\/v2\/media\/5239"}],"wp:attachment":[{"href":"https:\/\/shop-consystec.de\/en\/wp-json\/wp\/v2\/media?parent=5198"}],"wp:term":[{"taxonomy":"product_cat","embeddable":true,"href":"https:\/\/shop-consystec.de\/en\/wp-json\/wp\/v2\/product_cat?post=5198"},{"taxonomy":"product_tag","embeddable":true,"href":"https:\/\/shop-consystec.de\/en\/wp-json\/wp\/v2\/product_tag?post=5198"}],"curies":[{"name":"wp","href":"https:\/\/api.w.org\/{rel}","templated":true}]}}