{"id":5240,"date":"2020-11-30T12:52:00","date_gmt":"2020-11-30T11:52:00","guid":{"rendered":"https:\/\/demo.shop-consystec.de\/?post_type=product&#038;p=5240"},"modified":"2023-01-01T17:45:00","modified_gmt":"2023-01-01T16:45:00","slug":"pylone-hera-serie-lackiert","status":"publish","type":"product","link":"https:\/\/shop-consystec.de\/en\/produkt\/pylone-hera-serie-lackiert\/","title":{"rendered":"Pylone Hera Serie lackiert"},"content":{"rendered":"<p><strong>\/<\/strong> Geh\u00e4use lackiert mit hochwertigem Autolack (Farbe nach Kundenwunsch)<strong><br \/>\n\/ <\/strong>Beleuchteter Au\u00dfenpylon<br \/>\n<strong>\/<\/strong> aus Aluminium und Plexiglas<br \/>\n<strong>\/<\/strong> beidseitige LED Beleuchtung<br \/>\n<strong>\/\u00a0<\/strong>Decken- und Bodenst\u00fcck aus feuerverzinktem und pulverbeschichtetem Stahl<br \/>\n<strong>\/\u00a0<\/strong>wahlweise Montage auf Fundament oder direktes einbetonieren (F\u00fc\u00dfe bzw. Montageprofile m\u00fcssen separat bestellt werden)<\/p>\n<p>&nbsp;<\/p>\n<p><strong>\/ Bitte teilen Sie uns die gew\u00fcnschte Farbe an der Kasse unter Bestellhinweise mit<\/strong><\/p>\n","protected":false},"excerpt":{"rendered":"<p>\/ Geh\u00e4use lackiert mit hochwertigem Autolack (Farbe nach Kundenwunsch) \/ Beleuchteter Au\u00dfenpylon \/ aus Aluminium und Plexiglas \/ beidseitige LED Beleuchtung \/\u00a0Decken- und Bodenst\u00fcck aus feuerverzinktem und pulverbeschichtetem Stahl \/\u00a0wahlweise Montage auf Fundament oder direktes einbetonieren (F\u00fc\u00dfe bzw. Montageprofile m\u00fcssen separat bestellt werden) &nbsp; \/ Bitte teilen Sie uns die gew\u00fcnschte Farbe an der Kasse [&hellip;]<\/p>\n","protected":false},"featured_media":5239,"template":"","meta":[],"product_cat":[129,443],"product_tag":[],"class_list":{"0":"post-5240","1":"product","2":"type-product","3":"status-publish","4":"has-post-thumbnail","6":"product_cat-pylone","7":"product_cat-hera-serie","8":"pa_breite-458","9":"pa_breite-459","10":"pa_breite-460","11":"pa_breite-461","12":"pa_farbe-lackiert","13":"pa_hoehe-419","14":"pa_hoehe-421","15":"pa_hoehe-422","16":"pa_hoehe-430","17":"pa_hoehe-462","18":"pa_hoehe-463","20":"first","21":"instock","22":"taxable","23":"shipping-taxable","24":"purchasable","25":"product-type-variable"},"tiered_pricing_type":"fixed","tiered_pricing_fixed_rules":[],"tiered_pricing_percentage_rules":[],"tiered_pricing_minimum":1,"tiered_pricing_roles_data":[],"_links":{"self":[{"href":"https:\/\/shop-consystec.de\/en\/wp-json\/wp\/v2\/product\/5240","targetHints":{"allow":["GET"]}}],"collection":[{"href":"https:\/\/shop-consystec.de\/en\/wp-json\/wp\/v2\/product"}],"about":[{"href":"https:\/\/shop-consystec.de\/en\/wp-json\/wp\/v2\/types\/product"}],"version-history":[{"count":2,"href":"https:\/\/shop-consystec.de\/en\/wp-json\/wp\/v2\/product\/5240\/revisions"}],"predecessor-version":[{"id":12046,"href":"https:\/\/shop-consystec.de\/en\/wp-json\/wp\/v2\/product\/5240\/revisions\/12046"}],"wp:featuredmedia":[{"embeddable":true,"href":"https:\/\/shop-consystec.de\/en\/wp-json\/wp\/v2\/media\/5239"}],"wp:attachment":[{"href":"https:\/\/shop-consystec.de\/en\/wp-json\/wp\/v2\/media?parent=5240"}],"wp:term":[{"taxonomy":"product_cat","embeddable":true,"href":"https:\/\/shop-consystec.de\/en\/wp-json\/wp\/v2\/product_cat?post=5240"},{"taxonomy":"product_tag","embeddable":true,"href":"https:\/\/shop-consystec.de\/en\/wp-json\/wp\/v2\/product_tag?post=5240"}],"curies":[{"name":"wp","href":"https:\/\/api.w.org\/{rel}","templated":true}]}}