{"id":5269,"date":"2020-11-30T14:23:14","date_gmt":"2020-11-30T13:23:14","guid":{"rendered":"https:\/\/demo.shop-consystec.de\/?post_type=product&#038;p=5269"},"modified":"2023-04-13T10:32:07","modified_gmt":"2023-04-13T09:32:07","slug":"pylone-poseidon-serie","status":"publish","type":"product","link":"https:\/\/shop-consystec.de\/en\/produkt\/pylone-poseidon-serie\/","title":{"rendered":"Pylone Poseidon Serie"},"content":{"rendered":"<p><strong>\/\u00a0<\/strong>aus Aluminium und Aluminiumverbundplatte<br \/>\n<strong>\/\u00a0<\/strong>wahlweise Montage auf Fundament oder direktes einbetonieren (F\u00fc\u00dfe bzw. Montageprofile m\u00fcssen separat bestellt werden)<\/p>\n","protected":false},"excerpt":{"rendered":"<p>\/\u00a0aus Aluminium und Aluminiumverbundplatte \/\u00a0wahlweise Montage auf Fundament oder direktes einbetonieren (F\u00fc\u00dfe bzw. Montageprofile m\u00fcssen separat bestellt werden)<\/p>\n","protected":false},"featured_media":5304,"template":"","meta":[],"product_cat":[129,444],"product_tag":[],"class_list":{"0":"post-5269","1":"product","2":"type-product","3":"status-publish","4":"has-post-thumbnail","6":"product_cat-pylone","7":"product_cat-poseidon-serie","8":"pa_breite-470","9":"pa_breite-471","10":"pa_breite-472","11":"pa_farbe-edelstahl","12":"pa_farbe-silber","13":"pa_farbe-weiss","14":"pa_hoehe-319","15":"pa_hoehe-425","16":"pa_hoehe-259","17":"pa_hoehe-473","18":"pa_material-aluminium","20":"first","21":"instock","22":"taxable","23":"shipping-taxable","24":"purchasable","25":"product-type-variable"},"tiered_pricing_type":"fixed","tiered_pricing_fixed_rules":[],"tiered_pricing_percentage_rules":[],"tiered_pricing_minimum":1,"tiered_pricing_roles_data":[],"_links":{"self":[{"href":"https:\/\/shop-consystec.de\/en\/wp-json\/wp\/v2\/product\/5269","targetHints":{"allow":["GET"]}}],"collection":[{"href":"https:\/\/shop-consystec.de\/en\/wp-json\/wp\/v2\/product"}],"about":[{"href":"https:\/\/shop-consystec.de\/en\/wp-json\/wp\/v2\/types\/product"}],"version-history":[{"count":3,"href":"https:\/\/shop-consystec.de\/en\/wp-json\/wp\/v2\/product\/5269\/revisions"}],"predecessor-version":[{"id":17042,"href":"https:\/\/shop-consystec.de\/en\/wp-json\/wp\/v2\/product\/5269\/revisions\/17042"}],"wp:featuredmedia":[{"embeddable":true,"href":"https:\/\/shop-consystec.de\/en\/wp-json\/wp\/v2\/media\/5304"}],"wp:attachment":[{"href":"https:\/\/shop-consystec.de\/en\/wp-json\/wp\/v2\/media?parent=5269"}],"wp:term":[{"taxonomy":"product_cat","embeddable":true,"href":"https:\/\/shop-consystec.de\/en\/wp-json\/wp\/v2\/product_cat?post=5269"},{"taxonomy":"product_tag","embeddable":true,"href":"https:\/\/shop-consystec.de\/en\/wp-json\/wp\/v2\/product_tag?post=5269"}],"curies":[{"name":"wp","href":"https:\/\/api.w.org\/{rel}","templated":true}]}}