{"id":7140,"date":"2020-12-16T11:49:59","date_gmt":"2020-12-16T10:49:59","guid":{"rendered":"https:\/\/demo.shop-consystec.de\/?post_type=product&#038;p=7140"},"modified":"2025-12-29T21:20:48","modified_gmt":"2025-12-29T20:20:48","slug":"drehbarer-wand-deckenverbinder","status":"publish","type":"product","link":"https:\/\/shop-consystec.de\/en\/produkt\/drehbarer-wand-deckenverbinder\/","title":{"rendered":"Drehbarer Wand-\/Deckenverbinder"},"content":{"rendered":"<p><strong>\/<\/strong>\u00a01.4301 Edelstahl<br \/>\n<strong>\/<\/strong> zur Klemmbefestigung von 1-6 mm Material oder max. 4 mm Glas<br \/>\n<strong>\/<\/strong> als Zubeh\u00f6r werden je 2 St\u00fcck 1 mm und 2 mm d\u00fcnne selbstklebende Gummilager als Schutz zwischen Glas und Edelstahl, sowie ein Innensechskantstift M 4 x 5 mitgeliefert<br \/>\n<strong>\/<\/strong> die Schraube f\u00fcr die Wandbefestigung geh\u00f6rt nicht zum Lieferumfang<\/p>\n","protected":false},"excerpt":{"rendered":"<p>\/\u00a01.4301 Edelstahl \/ zur Klemmbefestigung von 1-6 mm Material oder max. 4 mm Glas \/ als Zubeh\u00f6r werden je 2 St\u00fcck 1 mm und 2 mm d\u00fcnne selbstklebende Gummilager als Schutz zwischen Glas und Edelstahl, sowie ein Innensechskantstift M 4 x 5 mitgeliefert \/ die Schraube f\u00fcr die Wandbefestigung geh\u00f6rt nicht zum Lieferumfang<\/p>\n","protected":false},"featured_media":14067,"template":"","meta":[],"product_cat":[95,106],"product_tag":[],"class_list":{"0":"post-7140","1":"product","2":"type-product","3":"status-publish","4":"has-post-thumbnail","6":"product_cat-schildhalter","7":"product_cat-wand-und-deckenhalter-flagline","8":"pa_bohrabstand-mm-634","9":"pa_bohrung-mm-372","10":"pa_durchmesser-mm-619","11":"pa_klemmbereich-mm-1-6","12":"pa_laenge-mm-623","13":"pa_menge-219","15":"first","16":"instock","17":"taxable","18":"shipping-taxable","19":"purchasable","20":"product-type-simple"},"tiered_pricing_type":"percentage","tiered_pricing_fixed_rules":[],"tiered_pricing_percentage_rules":[],"tiered_pricing_minimum":1,"tiered_pricing_roles_data":[],"_links":{"self":[{"href":"https:\/\/shop-consystec.de\/en\/wp-json\/wp\/v2\/product\/7140","targetHints":{"allow":["GET"]}}],"collection":[{"href":"https:\/\/shop-consystec.de\/en\/wp-json\/wp\/v2\/product"}],"about":[{"href":"https:\/\/shop-consystec.de\/en\/wp-json\/wp\/v2\/types\/product"}],"version-history":[{"count":2,"href":"https:\/\/shop-consystec.de\/en\/wp-json\/wp\/v2\/product\/7140\/revisions"}],"predecessor-version":[{"id":20342,"href":"https:\/\/shop-consystec.de\/en\/wp-json\/wp\/v2\/product\/7140\/revisions\/20342"}],"wp:featuredmedia":[{"embeddable":true,"href":"https:\/\/shop-consystec.de\/en\/wp-json\/wp\/v2\/media\/14067"}],"wp:attachment":[{"href":"https:\/\/shop-consystec.de\/en\/wp-json\/wp\/v2\/media?parent=7140"}],"wp:term":[{"taxonomy":"product_cat","embeddable":true,"href":"https:\/\/shop-consystec.de\/en\/wp-json\/wp\/v2\/product_cat?post=7140"},{"taxonomy":"product_tag","embeddable":true,"href":"https:\/\/shop-consystec.de\/en\/wp-json\/wp\/v2\/product_tag?post=7140"}],"curies":[{"name":"wp","href":"https:\/\/api.w.org\/{rel}","templated":true}]}}