{"id":7235,"date":"2020-12-17T09:36:27","date_gmt":"2020-12-17T08:36:27","guid":{"rendered":"https:\/\/demo.shop-consystec.de\/?post_type=product&#038;p=7235"},"modified":"2025-12-29T21:24:51","modified_gmt":"2025-12-29T20:24:51","slug":"edelstahl-drahtseil","status":"publish","type":"product","link":"https:\/\/shop-consystec.de\/en\/produkt\/edelstahl-drahtseil\/","title":{"rendered":"Edelstahl Drahtseil"},"content":{"rendered":"<p><strong>\/<\/strong> Edelstahl Drahtseil mit glasklarem Kunststoff ummantelt<br \/>\n<strong>\/<\/strong> 2 mm d\u00fcnn<br \/>\n<strong>\/<\/strong> passend f\u00fcr alle AirLine Drahtseill\u00f6sungen (weitere L\u00e4ngen auf Anfrage)<br \/>\n<strong>\/<\/strong> Durchmesser 2 mm<br \/>\n<strong>\/<\/strong> Zugbelastung ca 100 kg<\/p>\n","protected":false},"excerpt":{"rendered":"<p>\/ Edelstahl Drahtseil mit glasklarem Kunststoff ummantelt \/ 2 mm d\u00fcnn \/ passend f\u00fcr alle AirLine Drahtseill\u00f6sungen (weitere L\u00e4ngen auf Anfrage) \/ Durchmesser 2 mm \/ Zugbelastung ca 100 kg<\/p>\n","protected":false},"featured_media":7244,"template":"","meta":[],"product_cat":[95,107],"product_tag":[],"class_list":{"0":"post-7235","1":"product","2":"type-product","3":"status-publish","4":"has-post-thumbnail","6":"product_cat-schildhalter","7":"product_cat-deckenbefestigung-materialverbinder-airline","8":"pa_durchmesser-mm-667","9":"pa_laenge-mm-651","10":"pa_laenge-mm-671","11":"pa_laenge-mm-657","12":"pa_laenge-mm-658","13":"pa_laenge-mm-669","14":"pa_laenge-mm-670","15":"pa_menge-219","16":"pa_zugbelastung-ca-100-kg","18":"first","19":"instock","20":"taxable","21":"shipping-taxable","22":"purchasable","23":"product-type-variable"},"tiered_pricing_type":"percentage","tiered_pricing_fixed_rules":[],"tiered_pricing_percentage_rules":[],"tiered_pricing_minimum":1,"tiered_pricing_roles_data":[],"_links":{"self":[{"href":"https:\/\/shop-consystec.de\/en\/wp-json\/wp\/v2\/product\/7235","targetHints":{"allow":["GET"]}}],"collection":[{"href":"https:\/\/shop-consystec.de\/en\/wp-json\/wp\/v2\/product"}],"about":[{"href":"https:\/\/shop-consystec.de\/en\/wp-json\/wp\/v2\/types\/product"}],"version-history":[{"count":1,"href":"https:\/\/shop-consystec.de\/en\/wp-json\/wp\/v2\/product\/7235\/revisions"}],"predecessor-version":[{"id":7236,"href":"https:\/\/shop-consystec.de\/en\/wp-json\/wp\/v2\/product\/7235\/revisions\/7236"}],"wp:featuredmedia":[{"embeddable":true,"href":"https:\/\/shop-consystec.de\/en\/wp-json\/wp\/v2\/media\/7244"}],"wp:attachment":[{"href":"https:\/\/shop-consystec.de\/en\/wp-json\/wp\/v2\/media?parent=7235"}],"wp:term":[{"taxonomy":"product_cat","embeddable":true,"href":"https:\/\/shop-consystec.de\/en\/wp-json\/wp\/v2\/product_cat?post=7235"},{"taxonomy":"product_tag","embeddable":true,"href":"https:\/\/shop-consystec.de\/en\/wp-json\/wp\/v2\/product_tag?post=7235"}],"curies":[{"name":"wp","href":"https:\/\/api.w.org\/{rel}","templated":true}]}}