{"id":7535,"date":"2020-12-18T14:45:26","date_gmt":"2020-12-18T13:45:26","guid":{"rendered":"https:\/\/demo.shop-consystec.de\/?post_type=product&#038;p=7535"},"modified":"2025-12-29T21:45:10","modified_gmt":"2025-12-29T20:45:10","slug":"coverline-zierkopfmutter","status":"publish","type":"product","link":"https:\/\/shop-consystec.de\/en\/produkt\/coverline-zierkopfmutter\/","title":{"rendered":"CoverLine-Zierkopfmutter"},"content":{"rendered":"<p><strong>\/<\/strong> Edelstahl<br \/>\n<strong>\/<\/strong> 2-teilige Dekorschraube mit flachem Kopf<\/p>\n<p>\/ Varianten in 15mm und 20mm mit zus\u00e4tzlicher Madenschraube zur Sicherung<\/p>\n<p>Montage<br \/>\nEine Schraube wird durch den Au\u00dfengewindering<br \/>\nund das Schildmaterial gesteckt und<br \/>\nin der Wand befestigt. Bei Bedarf kann eine<br \/>\nAbstandsh\u00fclse zwischen Schild und Wand<br \/>\nverwendet werden.<\/p>\n","protected":false},"excerpt":{"rendered":"<p>\/ Edelstahl \/ 2-teilige Dekorschraube mit flachem Kopf \/ Varianten in 15mm und 20mm mit zus\u00e4tzlicher Madenschraube zur Sicherung Montage Eine Schraube wird durch den Au\u00dfengewindering und das Schildmaterial gesteckt und in der Wand befestigt. Bei Bedarf kann eine Abstandsh\u00fclse zwischen Schild und Wand verwendet werden.<\/p>\n","protected":false},"featured_media":11693,"template":"","meta":[],"product_cat":[125],"product_tag":[],"class_list":{"0":"post-7535","1":"product","2":"type-product","3":"status-publish","4":"has-post-thumbnail","6":"product_cat-zierkopfschrauben","7":"pa_hoehe-741","8":"pa_hoehe-742","9":"pa_kopfdurchmesser-mm-370","10":"pa_kopfdurchmesser-mm-114","11":"pa_kopfdurchmesser-mm-115","12":"pa_kopfdurchmesser-mm-116","13":"pa_kopfdurchmesser-mm-743","14":"pa_material-edelstahl","15":"pa_zubehoer-mit-madenschraube","16":"pa_zubehoer-ohne-madenschraube","18":"first","19":"instock","20":"taxable","21":"shipping-taxable","22":"purchasable","23":"product-type-variable"},"tiered_pricing_type":"percentage","tiered_pricing_fixed_rules":[],"tiered_pricing_percentage_rules":{"20":"10","50":"15","100":"25","1000":"35"},"tiered_pricing_minimum":1,"tiered_pricing_roles_data":[],"_links":{"self":[{"href":"https:\/\/shop-consystec.de\/en\/wp-json\/wp\/v2\/product\/7535","targetHints":{"allow":["GET"]}}],"collection":[{"href":"https:\/\/shop-consystec.de\/en\/wp-json\/wp\/v2\/product"}],"about":[{"href":"https:\/\/shop-consystec.de\/en\/wp-json\/wp\/v2\/types\/product"}],"version-history":[{"count":4,"href":"https:\/\/shop-consystec.de\/en\/wp-json\/wp\/v2\/product\/7535\/revisions"}],"predecessor-version":[{"id":18461,"href":"https:\/\/shop-consystec.de\/en\/wp-json\/wp\/v2\/product\/7535\/revisions\/18461"}],"wp:featuredmedia":[{"embeddable":true,"href":"https:\/\/shop-consystec.de\/en\/wp-json\/wp\/v2\/media\/11693"}],"wp:attachment":[{"href":"https:\/\/shop-consystec.de\/en\/wp-json\/wp\/v2\/media?parent=7535"}],"wp:term":[{"taxonomy":"product_cat","embeddable":true,"href":"https:\/\/shop-consystec.de\/en\/wp-json\/wp\/v2\/product_cat?post=7535"},{"taxonomy":"product_tag","embeddable":true,"href":"https:\/\/shop-consystec.de\/en\/wp-json\/wp\/v2\/product_tag?post=7535"}],"curies":[{"name":"wp","href":"https:\/\/api.w.org\/{rel}","templated":true}]}}