{"id":8077,"date":"2020-12-22T12:22:05","date_gmt":"2020-12-22T11:22:05","guid":{"rendered":"https:\/\/demo.shop-consystec.de\/?post_type=product&#038;p=8077"},"modified":"2026-01-05T19:49:38","modified_gmt":"2026-01-05T18:49:38","slug":"pe-universalduebel","status":"publish","type":"product","link":"https:\/\/shop-consystec.de\/en\/produkt\/pe-universalduebel\/","title":{"rendered":"PE-Universald\u00fcbel"},"content":{"rendered":"<p><strong>\/<\/strong> PE-Universald\u00fcbel mit Kragen f\u00fcr Beton, Mauerwerk oder d\u00fcnne Hohlraumw\u00e4nde<\/p>\n","protected":false},"excerpt":{"rendered":"<p>\/ PE-Universald\u00fcbel mit Kragen f\u00fcr Beton, Mauerwerk oder d\u00fcnne Hohlraumw\u00e4nde<\/p>\n","protected":false},"featured_media":8086,"template":"","meta":[],"product_cat":[503,1062],"product_tag":[],"class_list":{"0":"post-8077","1":"product","2":"type-product","3":"status-publish","4":"has-post-thumbnail","6":"product_cat-einleger-und-befestigungsmaterial","7":"product_cat-schrauben-und-duebel","8":"pa_durchmesser-mm-740","9":"pa_durchmesser-mm-509","10":"pa_durchmesser-mm-511","11":"pa_durchmesser-mm-739","12":"pa_fuer-schrauben-30-35","13":"pa_fuer-schrauben-35-45","14":"pa_fuer-schrauben-50-60","15":"pa_fuer-schrauben-60-80","16":"pa_laenge-mm-821","17":"pa_laenge-mm-822","18":"pa_laenge-mm-338","19":"pa_laenge-mm-683","20":"pa_menge-219","21":"pa_menge-218","22":"pa_menge-216","23":"pa_menge-217","25":"first","26":"instock","27":"taxable","28":"shipping-taxable","29":"purchasable","30":"product-type-variable"},"tiered_pricing_type":"fixed","tiered_pricing_fixed_rules":[],"tiered_pricing_percentage_rules":[],"tiered_pricing_minimum":1,"tiered_pricing_roles_data":[],"_links":{"self":[{"href":"https:\/\/shop-consystec.de\/en\/wp-json\/wp\/v2\/product\/8077","targetHints":{"allow":["GET"]}}],"collection":[{"href":"https:\/\/shop-consystec.de\/en\/wp-json\/wp\/v2\/product"}],"about":[{"href":"https:\/\/shop-consystec.de\/en\/wp-json\/wp\/v2\/types\/product"}],"version-history":[{"count":1,"href":"https:\/\/shop-consystec.de\/en\/wp-json\/wp\/v2\/product\/8077\/revisions"}],"predecessor-version":[{"id":8087,"href":"https:\/\/shop-consystec.de\/en\/wp-json\/wp\/v2\/product\/8077\/revisions\/8087"}],"wp:featuredmedia":[{"embeddable":true,"href":"https:\/\/shop-consystec.de\/en\/wp-json\/wp\/v2\/media\/8086"}],"wp:attachment":[{"href":"https:\/\/shop-consystec.de\/en\/wp-json\/wp\/v2\/media?parent=8077"}],"wp:term":[{"taxonomy":"product_cat","embeddable":true,"href":"https:\/\/shop-consystec.de\/en\/wp-json\/wp\/v2\/product_cat?post=8077"},{"taxonomy":"product_tag","embeddable":true,"href":"https:\/\/shop-consystec.de\/en\/wp-json\/wp\/v2\/product_tag?post=8077"}],"curies":[{"name":"wp","href":"https:\/\/api.w.org\/{rel}","templated":true}]}}