{"id":8088,"date":"2020-12-22T12:27:57","date_gmt":"2020-12-22T11:27:57","guid":{"rendered":"https:\/\/demo.shop-consystec.de\/?post_type=product&#038;p=8088"},"modified":"2026-01-05T19:53:09","modified_gmt":"2026-01-05T18:53:09","slug":"messing-duebel","status":"publish","type":"product","link":"https:\/\/shop-consystec.de\/en\/produkt\/messing-duebel\/","title":{"rendered":"Messing-D\u00fcbel"},"content":{"rendered":"<p><strong>\/ <\/strong>Messing-D\u00fcbel f\u00fcr besonders tragf\u00e4hige Montagen<\/p>\n","protected":false},"excerpt":{"rendered":"<p>\/ Messing-D\u00fcbel f\u00fcr besonders tragf\u00e4hige Montagen<\/p>\n","protected":false},"featured_media":8099,"template":"","meta":[],"product_cat":[503,1062],"product_tag":[],"class_list":{"0":"post-8088","1":"product","2":"type-product","3":"status-publish","4":"has-post-thumbnail","6":"product_cat-einleger-und-befestigungsmaterial","7":"product_cat-schrauben-und-duebel","8":"pa_durchmesser-mm-740","9":"pa_durchmesser-mm-825","10":"pa_durchmesser-mm-509","11":"pa_durchmesser-mm-823","12":"pa_durchmesser-mm-75-2","13":"pa_gewinde-mm-m10","14":"pa_gewinde-mm-m4","15":"pa_gewinde-mm-m5","16":"pa_gewinde-mm-m6","17":"pa_gewinde-mm-m8","18":"pa_laenge-mm-627","19":"pa_laenge-mm-826","20":"pa_laenge-mm-730","21":"pa_laenge-mm-827","22":"pa_laenge-mm-744","23":"pa_material-messing","24":"pa_menge-219","25":"pa_menge-218","26":"pa_menge-2-stueck","28":"first","29":"instock","30":"taxable","31":"shipping-taxable","32":"purchasable","33":"product-type-variable"},"tiered_pricing_type":"fixed","tiered_pricing_fixed_rules":[],"tiered_pricing_percentage_rules":[],"tiered_pricing_minimum":1,"tiered_pricing_roles_data":[],"_links":{"self":[{"href":"https:\/\/shop-consystec.de\/en\/wp-json\/wp\/v2\/product\/8088","targetHints":{"allow":["GET"]}}],"collection":[{"href":"https:\/\/shop-consystec.de\/en\/wp-json\/wp\/v2\/product"}],"about":[{"href":"https:\/\/shop-consystec.de\/en\/wp-json\/wp\/v2\/types\/product"}],"version-history":[{"count":2,"href":"https:\/\/shop-consystec.de\/en\/wp-json\/wp\/v2\/product\/8088\/revisions"}],"predecessor-version":[{"id":19326,"href":"https:\/\/shop-consystec.de\/en\/wp-json\/wp\/v2\/product\/8088\/revisions\/19326"}],"wp:featuredmedia":[{"embeddable":true,"href":"https:\/\/shop-consystec.de\/en\/wp-json\/wp\/v2\/media\/8099"}],"wp:attachment":[{"href":"https:\/\/shop-consystec.de\/en\/wp-json\/wp\/v2\/media?parent=8088"}],"wp:term":[{"taxonomy":"product_cat","embeddable":true,"href":"https:\/\/shop-consystec.de\/en\/wp-json\/wp\/v2\/product_cat?post=8088"},{"taxonomy":"product_tag","embeddable":true,"href":"https:\/\/shop-consystec.de\/en\/wp-json\/wp\/v2\/product_tag?post=8088"}],"curies":[{"name":"wp","href":"https:\/\/api.w.org\/{rel}","templated":true}]}}